{"id":9307,"date":"2025-02-05T09:42:00","date_gmt":"2025-02-05T08:42:00","guid":{"rendered":"https:\/\/www.sams-industrie.fr\/product\/regle-matthews-reference-imprimeuse\/"},"modified":"2025-02-19T11:43:28","modified_gmt":"2025-02-19T10:43:28","slug":"regle-matthews-reference-imprimeuse","status":"publish","type":"product","link":"https:\/\/www.sams-industrie.fr\/en\/product\/regle-matthews-reference-imprimeuse\/","title":{"rendered":"Matthews Rule<br> Reference 800-105-015"},"content":{"rendered":"","protected":false},"excerpt":{"rendered":"<p>RAPIDEX RAPIDLINE 22<br \/> R\u00e9f\u00e9rence constructeur : 800-105-015<br \/> R\u00e9f\u00e9rences \u00e9quivalentes : 800105015 \/ M800105015 \/ RAP800105015<\/p>","protected":false},"featured_media":0,"comment_status":"open","ping_status":"closed","template":"","meta":[],"_links":{"self":[{"href":"https:\/\/www.sams-industrie.fr\/en\/wp-json\/wp\/v2\/product\/9307"}],"collection":[{"href":"https:\/\/www.sams-industrie.fr\/en\/wp-json\/wp\/v2\/product"}],"about":[{"href":"https:\/\/www.sams-industrie.fr\/en\/wp-json\/wp\/v2\/types\/product"}],"replies":[{"embeddable":true,"href":"https:\/\/www.sams-industrie.fr\/en\/wp-json\/wp\/v2\/comments?post=9307"}],"wp:attachment":[{"href":"https:\/\/www.sams-industrie.fr\/en\/wp-json\/wp\/v2\/media?parent=9307"}],"curies":[{"name":"wp","href":"https:\/\/api.w.org\/{rel}","templated":true}]}}