{"id":9303,"date":"2025-02-05T09:41:58","date_gmt":"2025-02-05T08:41:58","guid":{"rendered":"https:\/\/www.sams-industrie.fr\/product\/chape-tendeur-reference-imprimeuse\/"},"modified":"2025-02-19T11:43:25","modified_gmt":"2025-02-19T10:43:25","slug":"chape-tendeur-reference-imprimeuse","status":"publish","type":"product","link":"https:\/\/www.sams-industrie.fr\/en\/product\/chape-tendeur-reference-imprimeuse\/","title":{"rendered":"Tensioner clevis<br> Reference 800-114-058"},"content":{"rendered":"","protected":false},"excerpt":{"rendered":"<p>RAPIDEX RAPIDLINE 22<br \/> R\u00e9f\u00e9rence constructeur : 800-114-058<br \/> R\u00e9f\u00e9rences \u00e9quivalentes : 800114058 \/ M800114058 \/ RAP800114058<\/p>","protected":false},"featured_media":0,"comment_status":"open","ping_status":"closed","template":"","meta":[],"_links":{"self":[{"href":"https:\/\/www.sams-industrie.fr\/en\/wp-json\/wp\/v2\/product\/9303"}],"collection":[{"href":"https:\/\/www.sams-industrie.fr\/en\/wp-json\/wp\/v2\/product"}],"about":[{"href":"https:\/\/www.sams-industrie.fr\/en\/wp-json\/wp\/v2\/types\/product"}],"replies":[{"embeddable":true,"href":"https:\/\/www.sams-industrie.fr\/en\/wp-json\/wp\/v2\/comments?post=9303"}],"wp:attachment":[{"href":"https:\/\/www.sams-industrie.fr\/en\/wp-json\/wp\/v2\/media?parent=9303"}],"curies":[{"name":"wp","href":"https:\/\/api.w.org\/{rel}","templated":true}]}}