{"id":9301,"date":"2025-02-05T09:41:56","date_gmt":"2025-02-05T08:41:56","guid":{"rendered":"https:\/\/www.sams-industrie.fr\/product\/axe-de-bielle-reference-imprimeuse\/"},"modified":"2025-02-19T11:43:24","modified_gmt":"2025-02-19T10:43:24","slug":"axe-de-bielle-reference-imprimeuse","status":"publish","type":"product","link":"https:\/\/www.sams-industrie.fr\/en\/product\/axe-de-bielle-reference-imprimeuse\/","title":{"rendered":"Connecting rod pin<br> Reference 800-111-006"},"content":{"rendered":"","protected":false},"excerpt":{"rendered":"<p>RAPIDEX RAPIDLINE 22<br \/> R\u00e9f\u00e9rence constructeur : 800-111-006<br \/> R\u00e9f\u00e9rences \u00e9quivalentes : 800111006 \/ M800111006 \/ RAP800111006<\/p>","protected":false},"featured_media":0,"comment_status":"open","ping_status":"closed","template":"","meta":[],"_links":{"self":[{"href":"https:\/\/www.sams-industrie.fr\/en\/wp-json\/wp\/v2\/product\/9301"}],"collection":[{"href":"https:\/\/www.sams-industrie.fr\/en\/wp-json\/wp\/v2\/product"}],"about":[{"href":"https:\/\/www.sams-industrie.fr\/en\/wp-json\/wp\/v2\/types\/product"}],"replies":[{"embeddable":true,"href":"https:\/\/www.sams-industrie.fr\/en\/wp-json\/wp\/v2\/comments?post=9301"}],"wp:attachment":[{"href":"https:\/\/www.sams-industrie.fr\/en\/wp-json\/wp\/v2\/media?parent=9301"}],"curies":[{"name":"wp","href":"https:\/\/api.w.org\/{rel}","templated":true}]}}