{"id":9300,"date":"2025-02-05T09:41:56","date_gmt":"2025-02-05T08:41:56","guid":{"rendered":"https:\/\/www.sams-industrie.fr\/product\/excentrique-reference-imprimeuse-2\/"},"modified":"2025-09-11T14:10:51","modified_gmt":"2025-09-11T12:10:51","slug":"excentrique-reference-imprimeuse-2","status":"publish","type":"product","link":"https:\/\/www.sams-industrie.fr\/en\/product\/excentrique-reference-imprimeuse-2\/","title":{"rendered":"Eccentric<br> R\u00e9f\u00e9rence 800-109-044"},"content":{"rendered":"","protected":false},"excerpt":{"rendered":"<p>RAPIDEX RAPIDLINE 22<br \/>\nR\u00e9f\u00e9rence constructeur : 800-109-044<br \/>\nR\u00e9f\u00e9rences \u00e9quivalentes : 800109044 \/ M800109044 \/ RAP800109044<\/p>","protected":false},"featured_media":11475,"comment_status":"open","ping_status":"closed","template":"","meta":[],"_links":{"self":[{"href":"https:\/\/www.sams-industrie.fr\/en\/wp-json\/wp\/v2\/product\/9300"}],"collection":[{"href":"https:\/\/www.sams-industrie.fr\/en\/wp-json\/wp\/v2\/product"}],"about":[{"href":"https:\/\/www.sams-industrie.fr\/en\/wp-json\/wp\/v2\/types\/product"}],"replies":[{"embeddable":true,"href":"https:\/\/www.sams-industrie.fr\/en\/wp-json\/wp\/v2\/comments?post=9300"}],"wp:featuredmedia":[{"embeddable":true,"href":"https:\/\/www.sams-industrie.fr\/en\/wp-json\/wp\/v2\/media\/11475"}],"wp:attachment":[{"href":"https:\/\/www.sams-industrie.fr\/en\/wp-json\/wp\/v2\/media?parent=9300"}],"curies":[{"name":"wp","href":"https:\/\/api.w.org\/{rel}","templated":true}]}}