{"id":9299,"date":"2025-02-05T09:41:55","date_gmt":"2025-02-05T08:41:55","guid":{"rendered":"https:\/\/www.sams-industrie.fr\/product\/butee-arret-excentrique-reference-imprimeuse\/"},"modified":"2025-02-19T11:43:23","modified_gmt":"2025-02-19T10:43:23","slug":"butee-arret-excentrique-reference-imprimeuse","status":"publish","type":"product","link":"https:\/\/www.sams-industrie.fr\/en\/product\/butee-arret-excentrique-reference-imprimeuse\/","title":{"rendered":"Eccentric stopper<br> Reference 800-311-005"},"content":{"rendered":"","protected":false},"excerpt":{"rendered":"<p>RAPIDEX RAPIDLINE 22<br \/> R\u00e9f\u00e9rence constructeur : 800-311-005<br \/> R\u00e9f\u00e9rences \u00e9quivalentes : 800311005 \/ M800311005 \/ RAP800311005<\/p>","protected":false},"featured_media":0,"comment_status":"open","ping_status":"closed","template":"","meta":[],"_links":{"self":[{"href":"https:\/\/www.sams-industrie.fr\/en\/wp-json\/wp\/v2\/product\/9299"}],"collection":[{"href":"https:\/\/www.sams-industrie.fr\/en\/wp-json\/wp\/v2\/product"}],"about":[{"href":"https:\/\/www.sams-industrie.fr\/en\/wp-json\/wp\/v2\/types\/product"}],"replies":[{"embeddable":true,"href":"https:\/\/www.sams-industrie.fr\/en\/wp-json\/wp\/v2\/comments?post=9299"}],"wp:attachment":[{"href":"https:\/\/www.sams-industrie.fr\/en\/wp-json\/wp\/v2\/media?parent=9299"}],"curies":[{"name":"wp","href":"https:\/\/api.w.org\/{rel}","templated":true}]}}