{"id":9297,"date":"2025-02-05T09:41:54","date_gmt":"2025-02-05T08:41:54","guid":{"rendered":"https:\/\/www.sams-industrie.fr\/product\/couvercle-dexcentrique-reference-imprimeuse\/"},"modified":"2025-02-19T11:43:21","modified_gmt":"2025-02-19T10:43:21","slug":"couvercle-dexcentrique-reference-imprimeuse","status":"publish","type":"product","link":"https:\/\/www.sams-industrie.fr\/en\/product\/couvercle-dexcentrique-reference-imprimeuse\/","title":{"rendered":"Eccentric cover<br> Reference 800-311-018"},"content":{"rendered":"","protected":false},"excerpt":{"rendered":"<p>RAPIDEX RAPIDLINE 22<br \/> R\u00e9f\u00e9rence constructeur : 800-311-018<br \/> R\u00e9f\u00e9rences \u00e9quivalentes : 800311018 \/ M800311018 \/ RAP800311018<\/p>","protected":false},"featured_media":0,"comment_status":"open","ping_status":"closed","template":"","meta":[],"_links":{"self":[{"href":"https:\/\/www.sams-industrie.fr\/en\/wp-json\/wp\/v2\/product\/9297"}],"collection":[{"href":"https:\/\/www.sams-industrie.fr\/en\/wp-json\/wp\/v2\/product"}],"about":[{"href":"https:\/\/www.sams-industrie.fr\/en\/wp-json\/wp\/v2\/types\/product"}],"replies":[{"embeddable":true,"href":"https:\/\/www.sams-industrie.fr\/en\/wp-json\/wp\/v2\/comments?post=9297"}],"wp:attachment":[{"href":"https:\/\/www.sams-industrie.fr\/en\/wp-json\/wp\/v2\/media?parent=9297"}],"curies":[{"name":"wp","href":"https:\/\/api.w.org\/{rel}","templated":true}]}}