{"id":9291,"date":"2025-02-05T09:41:51","date_gmt":"2025-02-05T08:41:51","guid":{"rendered":"https:\/\/www.sams-industrie.fr\/product\/arbre-prise-de-mouvement-reference-imprimeuse\/"},"modified":"2025-02-19T11:43:17","modified_gmt":"2025-02-19T10:43:17","slug":"arbre-prise-de-mouvement-reference-imprimeuse","status":"publish","type":"product","link":"https:\/\/www.sams-industrie.fr\/en\/product\/arbre-prise-de-mouvement-reference-imprimeuse\/","title":{"rendered":"Power take-off shaft<br> Reference 800-113-009"},"content":{"rendered":"","protected":false},"excerpt":{"rendered":"<p>RAPIDEX RAPIDLINE 22<br \/> R\u00e9f\u00e9rence constructeur : 800-113-009<br \/> R\u00e9f\u00e9rences \u00e9quivalentes : 800113009 \/ M800113009 \/ RAP800113009<\/p>","protected":false},"featured_media":0,"comment_status":"open","ping_status":"closed","template":"","meta":[],"_links":{"self":[{"href":"https:\/\/www.sams-industrie.fr\/en\/wp-json\/wp\/v2\/product\/9291"}],"collection":[{"href":"https:\/\/www.sams-industrie.fr\/en\/wp-json\/wp\/v2\/product"}],"about":[{"href":"https:\/\/www.sams-industrie.fr\/en\/wp-json\/wp\/v2\/types\/product"}],"replies":[{"embeddable":true,"href":"https:\/\/www.sams-industrie.fr\/en\/wp-json\/wp\/v2\/comments?post=9291"}],"wp:attachment":[{"href":"https:\/\/www.sams-industrie.fr\/en\/wp-json\/wp\/v2\/media?parent=9291"}],"curies":[{"name":"wp","href":"https:\/\/api.w.org\/{rel}","templated":true}]}}