{"id":9289,"date":"2025-02-05T09:41:49","date_gmt":"2025-02-05T08:41:49","guid":{"rendered":"https:\/\/www.sams-industrie.fr\/product\/patin-guidage-entraineurs-reference-imprimeuse\/"},"modified":"2025-02-19T11:43:14","modified_gmt":"2025-02-19T10:43:14","slug":"patin-guidage-entraineurs-reference-imprimeuse","status":"publish","type":"product","link":"https:\/\/www.sams-industrie.fr\/en\/product\/patin-guidage-entraineurs-reference-imprimeuse\/","title":{"rendered":"Guide skate trainers<br> Reference 800-107-112"},"content":{"rendered":"","protected":false},"excerpt":{"rendered":"<p>RAPIDEX RAPIDLINE 22<br \/> R\u00e9f\u00e9rence constructeur : 800-107-112<br \/> R\u00e9f\u00e9rences \u00e9quivalentes : 800107112 \/ M800107112 \/ RAP800107112<\/p>","protected":false},"featured_media":0,"comment_status":"open","ping_status":"closed","template":"","meta":[],"_links":{"self":[{"href":"https:\/\/www.sams-industrie.fr\/en\/wp-json\/wp\/v2\/product\/9289"}],"collection":[{"href":"https:\/\/www.sams-industrie.fr\/en\/wp-json\/wp\/v2\/product"}],"about":[{"href":"https:\/\/www.sams-industrie.fr\/en\/wp-json\/wp\/v2\/types\/product"}],"replies":[{"embeddable":true,"href":"https:\/\/www.sams-industrie.fr\/en\/wp-json\/wp\/v2\/comments?post=9289"}],"wp:attachment":[{"href":"https:\/\/www.sams-industrie.fr\/en\/wp-json\/wp\/v2\/media?parent=9289"}],"curies":[{"name":"wp","href":"https:\/\/api.w.org\/{rel}","templated":true}]}}