{"id":9285,"date":"2025-02-05T09:41:47","date_gmt":"2025-02-05T08:41:47","guid":{"rendered":"https:\/\/www.sams-industrie.fr\/product\/couvercle-de-tremie-reference-margeur\/"},"modified":"2025-02-19T11:43:12","modified_gmt":"2025-02-19T10:43:12","slug":"couvercle-de-tremie-reference-margeur","status":"publish","type":"product","link":"https:\/\/www.sams-industrie.fr\/en\/product\/couvercle-de-tremie-reference-margeur\/","title":{"rendered":"Hopper cover<br> Reference 800-905-020"},"content":{"rendered":"","protected":false},"excerpt":{"rendered":"<p>RAPIDEX RAPIDLINE 22<br \/> R\u00e9f\u00e9rence constructeur : 800-905-020<br \/> R\u00e9f\u00e9rences \u00e9quivalentes : 800905020 \/ M800905020 \/ RAP800905020<\/p>","protected":false},"featured_media":0,"comment_status":"open","ping_status":"closed","template":"","meta":[],"_links":{"self":[{"href":"https:\/\/www.sams-industrie.fr\/en\/wp-json\/wp\/v2\/product\/9285"}],"collection":[{"href":"https:\/\/www.sams-industrie.fr\/en\/wp-json\/wp\/v2\/product"}],"about":[{"href":"https:\/\/www.sams-industrie.fr\/en\/wp-json\/wp\/v2\/types\/product"}],"replies":[{"embeddable":true,"href":"https:\/\/www.sams-industrie.fr\/en\/wp-json\/wp\/v2\/comments?post=9285"}],"wp:attachment":[{"href":"https:\/\/www.sams-industrie.fr\/en\/wp-json\/wp\/v2\/media?parent=9285"}],"curies":[{"name":"wp","href":"https:\/\/api.w.org\/{rel}","templated":true}]}}