{"id":9284,"date":"2025-02-05T09:41:46","date_gmt":"2025-02-05T08:41:46","guid":{"rendered":"https:\/\/www.sams-industrie.fr\/product\/tremie-daspiration-reference-margeur\/"},"modified":"2025-02-19T11:43:11","modified_gmt":"2025-02-19T10:43:11","slug":"tremie-daspiration-reference-margeur","status":"publish","type":"product","link":"https:\/\/www.sams-industrie.fr\/en\/product\/tremie-daspiration-reference-margeur\/","title":{"rendered":"Suction hopper<br> Reference 800-905-019"},"content":{"rendered":"","protected":false},"excerpt":{"rendered":"<p>RAPIDEX RAPIDLINE 22<br \/> R\u00e9f\u00e9rence constructeur : 800-905-019<br \/> R\u00e9f\u00e9rences \u00e9quivalentes : 800905019 \/ M800905019 \/ RAP800905019<\/p>","protected":false},"featured_media":0,"comment_status":"open","ping_status":"closed","template":"","meta":[],"_links":{"self":[{"href":"https:\/\/www.sams-industrie.fr\/en\/wp-json\/wp\/v2\/product\/9284"}],"collection":[{"href":"https:\/\/www.sams-industrie.fr\/en\/wp-json\/wp\/v2\/product"}],"about":[{"href":"https:\/\/www.sams-industrie.fr\/en\/wp-json\/wp\/v2\/types\/product"}],"replies":[{"embeddable":true,"href":"https:\/\/www.sams-industrie.fr\/en\/wp-json\/wp\/v2\/comments?post=9284"}],"wp:attachment":[{"href":"https:\/\/www.sams-industrie.fr\/en\/wp-json\/wp\/v2\/media?parent=9284"}],"curies":[{"name":"wp","href":"https:\/\/api.w.org\/{rel}","templated":true}]}}