{"id":9283,"date":"2025-02-05T09:41:46","date_gmt":"2025-02-05T08:41:46","guid":{"rendered":"https:\/\/www.sams-industrie.fr\/product\/garnissage-cylindre-lz5000-reference-margeur\/"},"modified":"2025-02-19T11:43:10","modified_gmt":"2025-02-19T10:43:10","slug":"garnissage-cylindre-lz5000-reference-margeur","status":"publish","type":"product","link":"https:\/\/www.sams-industrie.fr\/en\/product\/garnissage-cylindre-lz5000-reference-margeur\/","title":{"rendered":"LZ5000 cylinder lining<br> Reference 800-904-010 LJ"},"content":{"rendered":"","protected":false},"excerpt":{"rendered":"<p>RAPIDEX RAPIDLINE 22<br \/> R\u00e9f\u00e9rence constructeur : 800-904-010 LJ<br \/> R\u00e9f\u00e9rences \u00e9quivalentes : 800904010LJ \/ M800904010LJ \/ RAP800904010LJ<\/p>","protected":false},"featured_media":0,"comment_status":"open","ping_status":"closed","template":"","meta":[],"_links":{"self":[{"href":"https:\/\/www.sams-industrie.fr\/en\/wp-json\/wp\/v2\/product\/9283"}],"collection":[{"href":"https:\/\/www.sams-industrie.fr\/en\/wp-json\/wp\/v2\/product"}],"about":[{"href":"https:\/\/www.sams-industrie.fr\/en\/wp-json\/wp\/v2\/types\/product"}],"replies":[{"embeddable":true,"href":"https:\/\/www.sams-industrie.fr\/en\/wp-json\/wp\/v2\/comments?post=9283"}],"wp:attachment":[{"href":"https:\/\/www.sams-industrie.fr\/en\/wp-json\/wp\/v2\/media?parent=9283"}],"curies":[{"name":"wp","href":"https:\/\/api.w.org\/{rel}","templated":true}]}}