{"id":9277,"date":"2025-02-05T09:41:41","date_gmt":"2025-02-05T08:41:41","guid":{"rendered":"https:\/\/www.sams-industrie.fr\/product\/joue-gauche-de-marge-reference-margeur\/"},"modified":"2025-10-16T16:16:40","modified_gmt":"2025-10-16T14:16:40","slug":"joue-gauche-de-marge-reference-margeur","status":"publish","type":"product","link":"https:\/\/www.sams-industrie.fr\/en\/product\/joue-gauche-de-marge-reference-margeur\/","title":{"rendered":"Left cheek margin<br> Reference 800-908-115"},"content":{"rendered":"","protected":false},"excerpt":{"rendered":"<p>RAPIDEX RAPIDLINE 22<br \/>\nR\u00e9f\u00e9rence constructeur : 800-908-115<br \/>\nR\u00e9f\u00e9rences \u00e9quivalentes : 800908115 \/ M800908115 \/ RAP800908115<\/p>","protected":false},"featured_media":0,"comment_status":"open","ping_status":"closed","template":"","meta":[],"_links":{"self":[{"href":"https:\/\/www.sams-industrie.fr\/en\/wp-json\/wp\/v2\/product\/9277"}],"collection":[{"href":"https:\/\/www.sams-industrie.fr\/en\/wp-json\/wp\/v2\/product"}],"about":[{"href":"https:\/\/www.sams-industrie.fr\/en\/wp-json\/wp\/v2\/types\/product"}],"replies":[{"embeddable":true,"href":"https:\/\/www.sams-industrie.fr\/en\/wp-json\/wp\/v2\/comments?post=9277"}],"wp:attachment":[{"href":"https:\/\/www.sams-industrie.fr\/en\/wp-json\/wp\/v2\/media?parent=9277"}],"curies":[{"name":"wp","href":"https:\/\/api.w.org\/{rel}","templated":true}]}}