{"id":9272,"date":"2025-02-05T09:41:39","date_gmt":"2025-02-05T08:41:39","guid":{"rendered":"https:\/\/www.sams-industrie.fr\/product\/palier-pignon-suivi-cinematique-reference-margeur\/"},"modified":"2025-02-19T11:43:03","modified_gmt":"2025-02-19T10:43:03","slug":"palier-pignon-suivi-cinematique-reference-margeur","status":"publish","type":"product","link":"https:\/\/www.sams-industrie.fr\/en\/product\/palier-pignon-suivi-cinematique-reference-margeur\/","title":{"rendered":"Pinion bearing followed by kinematics<br> Reference 800-913-046"},"content":{"rendered":"","protected":false},"excerpt":{"rendered":"<p>RAPIDEX RAPIDLINE 13 \u2013 RAPIDLINE 22<br \/> R\u00e9f\u00e9rence constructeur : 800-913-046<br \/> R\u00e9f\u00e9rences \u00e9quivalentes : 800913046 \/ M800913046 \/ RAP800913046<\/p>","protected":false},"featured_media":0,"comment_status":"open","ping_status":"closed","template":"","meta":[],"_links":{"self":[{"href":"https:\/\/www.sams-industrie.fr\/en\/wp-json\/wp\/v2\/product\/9272"}],"collection":[{"href":"https:\/\/www.sams-industrie.fr\/en\/wp-json\/wp\/v2\/product"}],"about":[{"href":"https:\/\/www.sams-industrie.fr\/en\/wp-json\/wp\/v2\/types\/product"}],"replies":[{"embeddable":true,"href":"https:\/\/www.sams-industrie.fr\/en\/wp-json\/wp\/v2\/comments?post=9272"}],"wp:attachment":[{"href":"https:\/\/www.sams-industrie.fr\/en\/wp-json\/wp\/v2\/media?parent=9272"}],"curies":[{"name":"wp","href":"https:\/\/api.w.org\/{rel}","templated":true}]}}