{"id":9269,"date":"2025-02-05T09:41:37","date_gmt":"2025-02-05T08:41:37","guid":{"rendered":"https:\/\/www.sams-industrie.fr\/product\/arbre-liaison-fourchette-bielle-reference-tous\/"},"modified":"2025-04-17T16:13:43","modified_gmt":"2025-04-17T14:13:43","slug":"arbre-liaison-fourchette-bielle-reference-tous","status":"publish","type":"product","link":"https:\/\/www.sams-industrie.fr\/en\/product\/arbre-liaison-fourchette-bielle-reference-tous\/","title":{"rendered":"Fork-connecting rod connecting shaft<br> Reference 500-312-011"},"content":{"rendered":"","protected":false},"excerpt":{"rendered":"<p>RAPIDEX RAPIDLINE 16<br \/>\nR\u00e9f\u00e9rence constructeur : 500-312-011<br \/>\nR\u00e9f\u00e9rences \u00e9quivalentes : 500312011 \/ M500312011 \/ RAP500312011<\/p>","protected":false},"featured_media":11337,"comment_status":"open","ping_status":"closed","template":"","meta":[],"_links":{"self":[{"href":"https:\/\/www.sams-industrie.fr\/en\/wp-json\/wp\/v2\/product\/9269"}],"collection":[{"href":"https:\/\/www.sams-industrie.fr\/en\/wp-json\/wp\/v2\/product"}],"about":[{"href":"https:\/\/www.sams-industrie.fr\/en\/wp-json\/wp\/v2\/types\/product"}],"replies":[{"embeddable":true,"href":"https:\/\/www.sams-industrie.fr\/en\/wp-json\/wp\/v2\/comments?post=9269"}],"wp:featuredmedia":[{"embeddable":true,"href":"https:\/\/www.sams-industrie.fr\/en\/wp-json\/wp\/v2\/media\/11337"}],"wp:attachment":[{"href":"https:\/\/www.sams-industrie.fr\/en\/wp-json\/wp\/v2\/media?parent=9269"}],"curies":[{"name":"wp","href":"https:\/\/api.w.org\/{rel}","templated":true}]}}