{"id":9267,"date":"2025-02-05T09:41:36","date_gmt":"2025-02-05T08:41:36","guid":{"rendered":"https:\/\/www.sams-industrie.fr\/product\/excentrique-bronze-reference-tous\/"},"modified":"2025-02-19T11:42:59","modified_gmt":"2025-02-19T10:42:59","slug":"excentrique-bronze-reference-tous","status":"publish","type":"product","link":"https:\/\/www.sams-industrie.fr\/en\/product\/excentrique-bronze-reference-tous\/","title":{"rendered":"Bronze eccentric<br> Reference 500-102-008"},"content":{"rendered":"","protected":false},"excerpt":{"rendered":"<p>RAPIDEX RAPIDLINE 16<br \/> R\u00e9f\u00e9rence constructeur : 500-102-008<br \/> R\u00e9f\u00e9rences \u00e9quivalentes : 500102008 \/ M500102008 \/ RAP500102008<\/p>","protected":false},"featured_media":0,"comment_status":"open","ping_status":"closed","template":"","meta":[],"_links":{"self":[{"href":"https:\/\/www.sams-industrie.fr\/en\/wp-json\/wp\/v2\/product\/9267"}],"collection":[{"href":"https:\/\/www.sams-industrie.fr\/en\/wp-json\/wp\/v2\/product"}],"about":[{"href":"https:\/\/www.sams-industrie.fr\/en\/wp-json\/wp\/v2\/types\/product"}],"replies":[{"embeddable":true,"href":"https:\/\/www.sams-industrie.fr\/en\/wp-json\/wp\/v2\/comments?post=9267"}],"wp:attachment":[{"href":"https:\/\/www.sams-industrie.fr\/en\/wp-json\/wp\/v2\/media?parent=9267"}],"curies":[{"name":"wp","href":"https:\/\/api.w.org\/{rel}","templated":true}]}}