{"id":9265,"date":"2025-02-05T09:41:34","date_gmt":"2025-02-05T08:41:34","guid":{"rendered":"https:\/\/www.sams-industrie.fr\/product\/couvercle-soude-reference-tous\/"},"modified":"2025-02-19T11:42:58","modified_gmt":"2025-02-19T10:42:58","slug":"couvercle-soude-reference-tous","status":"publish","type":"product","link":"https:\/\/www.sams-industrie.fr\/en\/product\/couvercle-soude-reference-tous\/","title":{"rendered":"Welded cover<br> Reference 500-407-012"},"content":{"rendered":"","protected":false},"excerpt":{"rendered":"<p>RAPIDEX RAPIDLINE 16<br \/> R\u00e9f\u00e9rence constructeur : 500-407-012<br \/> R\u00e9f\u00e9rences \u00e9quivalentes : 500407012 \/ M500407012 \/ RAP500407012<\/p>","protected":false},"featured_media":0,"comment_status":"open","ping_status":"closed","template":"","meta":[],"_links":{"self":[{"href":"https:\/\/www.sams-industrie.fr\/en\/wp-json\/wp\/v2\/product\/9265"}],"collection":[{"href":"https:\/\/www.sams-industrie.fr\/en\/wp-json\/wp\/v2\/product"}],"about":[{"href":"https:\/\/www.sams-industrie.fr\/en\/wp-json\/wp\/v2\/types\/product"}],"replies":[{"embeddable":true,"href":"https:\/\/www.sams-industrie.fr\/en\/wp-json\/wp\/v2\/comments?post=9265"}],"wp:attachment":[{"href":"https:\/\/www.sams-industrie.fr\/en\/wp-json\/wp\/v2\/media?parent=9265"}],"curies":[{"name":"wp","href":"https:\/\/api.w.org\/{rel}","templated":true}]}}