{"id":9261,"date":"2025-02-05T09:41:32","date_gmt":"2025-02-05T08:41:32","guid":{"rendered":"https:\/\/www.sams-industrie.fr\/product\/porte-bague-verrouillage-reference-tous\/"},"modified":"2025-02-19T11:42:53","modified_gmt":"2025-02-19T10:42:53","slug":"porte-bague-verrouillage-reference-tous","status":"publish","type":"product","link":"https:\/\/www.sams-industrie.fr\/en\/product\/porte-bague-verrouillage-reference-tous\/","title":{"rendered":"Locking ring holder<br> Reference 500-313-009"},"content":{"rendered":"","protected":false},"excerpt":{"rendered":"<p>RAPIDEX RAPIDLINE 16<br \/> R\u00e9f\u00e9rence constructeur : 500-313-009<br \/> R\u00e9f\u00e9rences \u00e9quivalentes : 500313009 \/ M500313009 \/ RAP500313009<\/p>","protected":false},"featured_media":0,"comment_status":"open","ping_status":"closed","template":"","meta":[],"_links":{"self":[{"href":"https:\/\/www.sams-industrie.fr\/en\/wp-json\/wp\/v2\/product\/9261"}],"collection":[{"href":"https:\/\/www.sams-industrie.fr\/en\/wp-json\/wp\/v2\/product"}],"about":[{"href":"https:\/\/www.sams-industrie.fr\/en\/wp-json\/wp\/v2\/types\/product"}],"replies":[{"embeddable":true,"href":"https:\/\/www.sams-industrie.fr\/en\/wp-json\/wp\/v2\/comments?post=9261"}],"wp:attachment":[{"href":"https:\/\/www.sams-industrie.fr\/en\/wp-json\/wp\/v2\/media?parent=9261"}],"curies":[{"name":"wp","href":"https:\/\/api.w.org\/{rel}","templated":true}]}}