{"id":9259,"date":"2025-02-05T09:41:31","date_gmt":"2025-02-05T08:41:31","guid":{"rendered":"https:\/\/www.sams-industrie.fr\/product\/rondelle-deplacement-refouleur-reference-slotter-5\/"},"modified":"2025-02-19T11:42:52","modified_gmt":"2025-02-19T10:42:52","slug":"rondelle-deplacement-refouleur-reference-slotter-5","status":"publish","type":"product","link":"https:\/\/www.sams-industrie.fr\/en\/product\/rondelle-deplacement-refouleur-reference-slotter-5\/","title":{"rendered":"Displacement washer<br> Reference 500-302-006"},"content":{"rendered":"","protected":false},"excerpt":{"rendered":"<p>RAPIDEX RAPIDLINE 16<br \/> R\u00e9f\u00e9rence constructeur : 500-302-006<br \/> R\u00e9f\u00e9rences \u00e9quivalentes : 500302006 \/ M500302006 \/ RAP500302006<\/p>","protected":false},"featured_media":0,"comment_status":"open","ping_status":"closed","template":"","meta":[],"_links":{"self":[{"href":"https:\/\/www.sams-industrie.fr\/en\/wp-json\/wp\/v2\/product\/9259"}],"collection":[{"href":"https:\/\/www.sams-industrie.fr\/en\/wp-json\/wp\/v2\/product"}],"about":[{"href":"https:\/\/www.sams-industrie.fr\/en\/wp-json\/wp\/v2\/types\/product"}],"replies":[{"embeddable":true,"href":"https:\/\/www.sams-industrie.fr\/en\/wp-json\/wp\/v2\/comments?post=9259"}],"wp:attachment":[{"href":"https:\/\/www.sams-industrie.fr\/en\/wp-json\/wp\/v2\/media?parent=9259"}],"curies":[{"name":"wp","href":"https:\/\/api.w.org\/{rel}","templated":true}]}}