{"id":9256,"date":"2025-02-05T09:41:29","date_gmt":"2025-02-05T08:41:29","guid":{"rendered":"https:\/\/www.sams-industrie.fr\/product\/rondelle-deplacement-refouleur-reference-slotter-3\/"},"modified":"2025-02-19T11:42:50","modified_gmt":"2025-02-19T10:42:50","slug":"rondelle-deplacement-refouleur-reference-slotter-3","status":"publish","type":"product","link":"https:\/\/www.sams-industrie.fr\/en\/product\/rondelle-deplacement-refouleur-reference-slotter-3\/","title":{"rendered":"Displacement washer<br> Reference 500-302-008"},"content":{"rendered":"","protected":false},"excerpt":{"rendered":"<p>RAPIDEX RAPIDLINE 16<br \/> R\u00e9f\u00e9rence constructeur : 500-302-008<br \/> R\u00e9f\u00e9rences \u00e9quivalentes : 500302008 \/ M500302008 \/ RAP500302008<\/p>","protected":false},"featured_media":0,"comment_status":"open","ping_status":"closed","template":"","meta":[],"_links":{"self":[{"href":"https:\/\/www.sams-industrie.fr\/en\/wp-json\/wp\/v2\/product\/9256"}],"collection":[{"href":"https:\/\/www.sams-industrie.fr\/en\/wp-json\/wp\/v2\/product"}],"about":[{"href":"https:\/\/www.sams-industrie.fr\/en\/wp-json\/wp\/v2\/types\/product"}],"replies":[{"embeddable":true,"href":"https:\/\/www.sams-industrie.fr\/en\/wp-json\/wp\/v2\/comments?post=9256"}],"wp:attachment":[{"href":"https:\/\/www.sams-industrie.fr\/en\/wp-json\/wp\/v2\/media?parent=9256"}],"curies":[{"name":"wp","href":"https:\/\/api.w.org\/{rel}","templated":true}]}}