{"id":9253,"date":"2025-02-05T09:41:27","date_gmt":"2025-02-05T08:41:27","guid":{"rendered":"https:\/\/www.sams-industrie.fr\/product\/rondelle-deplacement-refouleur-reference-slotter\/"},"modified":"2025-02-19T11:42:48","modified_gmt":"2025-02-19T10:42:48","slug":"rondelle-deplacement-refouleur-reference-slotter","status":"publish","type":"product","link":"https:\/\/www.sams-industrie.fr\/en\/product\/rondelle-deplacement-refouleur-reference-slotter\/","title":{"rendered":"Displacement washer<br> Reference 500-303-005"},"content":{"rendered":"","protected":false},"excerpt":{"rendered":"<p>RAPIDEX RAPIDLINE 16<br \/> R\u00e9f\u00e9rence constructeur : 500-303-005<br \/> R\u00e9f\u00e9rences \u00e9quivalentes : 500303005 \/ M500303005 \/ RAP500303005<\/p>","protected":false},"featured_media":0,"comment_status":"open","ping_status":"closed","template":"","meta":[],"_links":{"self":[{"href":"https:\/\/www.sams-industrie.fr\/en\/wp-json\/wp\/v2\/product\/9253"}],"collection":[{"href":"https:\/\/www.sams-industrie.fr\/en\/wp-json\/wp\/v2\/product"}],"about":[{"href":"https:\/\/www.sams-industrie.fr\/en\/wp-json\/wp\/v2\/types\/product"}],"replies":[{"embeddable":true,"href":"https:\/\/www.sams-industrie.fr\/en\/wp-json\/wp\/v2\/comments?post=9253"}],"wp:attachment":[{"href":"https:\/\/www.sams-industrie.fr\/en\/wp-json\/wp\/v2\/media?parent=9253"}],"curies":[{"name":"wp","href":"https:\/\/api.w.org\/{rel}","templated":true}]}}