{"id":9250,"date":"2025-02-05T09:41:25","date_gmt":"2025-02-05T08:41:25","guid":{"rendered":"https:\/\/www.sams-industrie.fr\/product\/contrepartie-refoulage-reference-tous-2\/"},"modified":"2025-04-17T16:11:19","modified_gmt":"2025-04-17T14:11:19","slug":"contrepartie-refoulage-reference-tous-2","status":"publish","type":"product","link":"https:\/\/www.sams-industrie.fr\/en\/product\/contrepartie-refoulage-reference-tous-2\/","title":{"rendered":"Counterpart refoulement<br> Reference 500-302-019"},"content":{"rendered":"","protected":false},"excerpt":{"rendered":"<p>RAPIDEX RAPIDLINE 16<br \/>\nR\u00e9f\u00e9rence constructeur : 500-302-019<br \/>\nR\u00e9f\u00e9rences \u00e9quivalentes : 500302019 \/ M500302019 \/ RAP500302019<\/p>","protected":false},"featured_media":11335,"comment_status":"open","ping_status":"closed","template":"","meta":[],"_links":{"self":[{"href":"https:\/\/www.sams-industrie.fr\/en\/wp-json\/wp\/v2\/product\/9250"}],"collection":[{"href":"https:\/\/www.sams-industrie.fr\/en\/wp-json\/wp\/v2\/product"}],"about":[{"href":"https:\/\/www.sams-industrie.fr\/en\/wp-json\/wp\/v2\/types\/product"}],"replies":[{"embeddable":true,"href":"https:\/\/www.sams-industrie.fr\/en\/wp-json\/wp\/v2\/comments?post=9250"}],"wp:featuredmedia":[{"embeddable":true,"href":"https:\/\/www.sams-industrie.fr\/en\/wp-json\/wp\/v2\/media\/11335"}],"wp:attachment":[{"href":"https:\/\/www.sams-industrie.fr\/en\/wp-json\/wp\/v2\/media?parent=9250"}],"curies":[{"name":"wp","href":"https:\/\/api.w.org\/{rel}","templated":true}]}}