{"id":9249,"date":"2025-02-05T09:41:24","date_gmt":"2025-02-05T08:41:24","guid":{"rendered":"https:\/\/www.sams-industrie.fr\/product\/contrepartie-refoulage-bombee-reference-tous\/"},"modified":"2025-04-17T16:10:23","modified_gmt":"2025-04-17T14:10:23","slug":"contrepartie-refoulage-bombee-reference-tous","status":"publish","type":"product","link":"https:\/\/www.sams-industrie.fr\/en\/product\/contrepartie-refoulage-bombee-reference-tous\/","title":{"rendered":"Curved upsetting counterpart<br> Reference BBB-0304-003"},"content":{"rendered":"","protected":false},"excerpt":{"rendered":"<p>RAPIDEX RAPIDLINE 16<br \/>\nR\u00e9f\u00e9rence constructeur : BBB-0304-003<br \/>\nR\u00e9f\u00e9rences \u00e9quivalentes : BBB0304003 \/ MBBB0304003 \/ RAPBBB0304003<\/p>","protected":false},"featured_media":11334,"comment_status":"open","ping_status":"closed","template":"","meta":[],"_links":{"self":[{"href":"https:\/\/www.sams-industrie.fr\/en\/wp-json\/wp\/v2\/product\/9249"}],"collection":[{"href":"https:\/\/www.sams-industrie.fr\/en\/wp-json\/wp\/v2\/product"}],"about":[{"href":"https:\/\/www.sams-industrie.fr\/en\/wp-json\/wp\/v2\/types\/product"}],"replies":[{"embeddable":true,"href":"https:\/\/www.sams-industrie.fr\/en\/wp-json\/wp\/v2\/comments?post=9249"}],"wp:featuredmedia":[{"embeddable":true,"href":"https:\/\/www.sams-industrie.fr\/en\/wp-json\/wp\/v2\/media\/11334"}],"wp:attachment":[{"href":"https:\/\/www.sams-industrie.fr\/en\/wp-json\/wp\/v2\/media?parent=9249"}],"curies":[{"name":"wp","href":"https:\/\/api.w.org\/{rel}","templated":true}]}}