{"id":9248,"date":"2025-02-05T09:41:24","date_gmt":"2025-02-05T08:41:24","guid":{"rendered":"https:\/\/www.sams-industrie.fr\/product\/contrepartie-refoulage-reference-tous\/"},"modified":"2025-02-19T11:42:44","modified_gmt":"2025-02-19T10:42:44","slug":"contrepartie-refoulage-reference-tous","status":"publish","type":"product","link":"https:\/\/www.sams-industrie.fr\/en\/product\/contrepartie-refoulage-reference-tous\/","title":{"rendered":"Counterpart refoulement<br> Reference 500-302-019"},"content":{"rendered":"","protected":false},"excerpt":{"rendered":"<p>RAPIDEX RAPIDLINE 16<br \/> R\u00e9f\u00e9rence constructeur : 500-302-019<br \/> R\u00e9f\u00e9rences \u00e9quivalentes : 500302019 \/ M500302019 \/ RAP500302019<\/p>","protected":false},"featured_media":0,"comment_status":"open","ping_status":"closed","template":"","meta":[],"_links":{"self":[{"href":"https:\/\/www.sams-industrie.fr\/en\/wp-json\/wp\/v2\/product\/9248"}],"collection":[{"href":"https:\/\/www.sams-industrie.fr\/en\/wp-json\/wp\/v2\/product"}],"about":[{"href":"https:\/\/www.sams-industrie.fr\/en\/wp-json\/wp\/v2\/types\/product"}],"replies":[{"embeddable":true,"href":"https:\/\/www.sams-industrie.fr\/en\/wp-json\/wp\/v2\/comments?post=9248"}],"wp:attachment":[{"href":"https:\/\/www.sams-industrie.fr\/en\/wp-json\/wp\/v2\/media?parent=9248"}],"curies":[{"name":"wp","href":"https:\/\/api.w.org\/{rel}","templated":true}]}}