{"id":9246,"date":"2025-02-05T09:41:23","date_gmt":"2025-02-05T08:41:23","guid":{"rendered":"https:\/\/www.sams-industrie.fr\/product\/bague-de-bridage-reference-tous\/"},"modified":"2025-04-17T16:09:21","modified_gmt":"2025-04-17T14:09:21","slug":"bague-de-bridage-reference-tous","status":"publish","type":"product","link":"https:\/\/www.sams-industrie.fr\/en\/product\/bague-de-bridage-reference-tous\/","title":{"rendered":"Clamping ring<br> Reference 500-102-202"},"content":{"rendered":"","protected":false},"excerpt":{"rendered":"<p>RAPIDEX RAPIDLINE 16<br \/>\nR\u00e9f\u00e9rence constructeur : 500-102-202<br \/>\nR\u00e9f\u00e9rences \u00e9quivalentes : 500102202 \/ M500102202 \/ RAP500102202<\/p>","protected":false},"featured_media":11333,"comment_status":"open","ping_status":"closed","template":"","meta":[],"_links":{"self":[{"href":"https:\/\/www.sams-industrie.fr\/en\/wp-json\/wp\/v2\/product\/9246"}],"collection":[{"href":"https:\/\/www.sams-industrie.fr\/en\/wp-json\/wp\/v2\/product"}],"about":[{"href":"https:\/\/www.sams-industrie.fr\/en\/wp-json\/wp\/v2\/types\/product"}],"replies":[{"embeddable":true,"href":"https:\/\/www.sams-industrie.fr\/en\/wp-json\/wp\/v2\/comments?post=9246"}],"wp:featuredmedia":[{"embeddable":true,"href":"https:\/\/www.sams-industrie.fr\/en\/wp-json\/wp\/v2\/media\/11333"}],"wp:attachment":[{"href":"https:\/\/www.sams-industrie.fr\/en\/wp-json\/wp\/v2\/media?parent=9246"}],"curies":[{"name":"wp","href":"https:\/\/api.w.org\/{rel}","templated":true}]}}