{"id":9245,"date":"2025-02-05T09:41:22","date_gmt":"2025-02-05T08:41:22","guid":{"rendered":"https:\/\/www.sams-industrie.fr\/product\/entraineur-molete-reference-tous\/"},"modified":"2025-02-19T11:42:42","modified_gmt":"2025-02-19T10:42:42","slug":"entraineur-molete-reference-tous","status":"publish","type":"product","link":"https:\/\/www.sams-industrie.fr\/en\/product\/entraineur-molete-reference-tous\/","title":{"rendered":"Knurled trainer<br> Reference 500-102-201"},"content":{"rendered":"","protected":false},"excerpt":{"rendered":"<p>RAPIDEX RAPIDLINE 16<br \/> R\u00e9f\u00e9rence constructeur : 500-102-201<br \/> R\u00e9f\u00e9rences \u00e9quivalentes : 500102201 \/ M500102201 \/ RAP500102201<\/p>","protected":false},"featured_media":0,"comment_status":"open","ping_status":"closed","template":"","meta":[],"_links":{"self":[{"href":"https:\/\/www.sams-industrie.fr\/en\/wp-json\/wp\/v2\/product\/9245"}],"collection":[{"href":"https:\/\/www.sams-industrie.fr\/en\/wp-json\/wp\/v2\/product"}],"about":[{"href":"https:\/\/www.sams-industrie.fr\/en\/wp-json\/wp\/v2\/types\/product"}],"replies":[{"embeddable":true,"href":"https:\/\/www.sams-industrie.fr\/en\/wp-json\/wp\/v2\/comments?post=9245"}],"wp:attachment":[{"href":"https:\/\/www.sams-industrie.fr\/en\/wp-json\/wp\/v2\/media?parent=9245"}],"curies":[{"name":"wp","href":"https:\/\/api.w.org\/{rel}","templated":true}]}}