{"id":9244,"date":"2025-02-05T09:41:22","date_gmt":"2025-02-05T08:41:22","guid":{"rendered":"https:\/\/www.sams-industrie.fr\/product\/refouleur-superieur-monobloc-reference-tous\/"},"modified":"2025-02-19T11:42:42","modified_gmt":"2025-02-19T10:42:42","slug":"refouleur-superieur-monobloc-reference-tous","status":"publish","type":"product","link":"https:\/\/www.sams-industrie.fr\/en\/product\/refouleur-superieur-monobloc-reference-tous\/","title":{"rendered":"Single-piece upper discharger<br> Reference 500-402-015"},"content":{"rendered":"","protected":false},"excerpt":{"rendered":"<p>RAPIDEX RAPIDLINE 16<br \/> R\u00e9f\u00e9rence constructeur : 500-402-015<br \/> R\u00e9f\u00e9rences \u00e9quivalentes : 500402015 \/ M500402015 \/ RAP500402015<\/p>","protected":false},"featured_media":0,"comment_status":"open","ping_status":"closed","template":"","meta":[],"_links":{"self":[{"href":"https:\/\/www.sams-industrie.fr\/en\/wp-json\/wp\/v2\/product\/9244"}],"collection":[{"href":"https:\/\/www.sams-industrie.fr\/en\/wp-json\/wp\/v2\/product"}],"about":[{"href":"https:\/\/www.sams-industrie.fr\/en\/wp-json\/wp\/v2\/types\/product"}],"replies":[{"embeddable":true,"href":"https:\/\/www.sams-industrie.fr\/en\/wp-json\/wp\/v2\/comments?post=9244"}],"wp:attachment":[{"href":"https:\/\/www.sams-industrie.fr\/en\/wp-json\/wp\/v2\/media?parent=9244"}],"curies":[{"name":"wp","href":"https:\/\/api.w.org\/{rel}","templated":true}]}}