{"id":9243,"date":"2025-02-05T09:41:21","date_gmt":"2025-02-05T08:41:21","guid":{"rendered":"https:\/\/www.sams-industrie.fr\/product\/serre-lame-reference-slotter-10\/"},"modified":"2025-02-19T11:42:41","modified_gmt":"2025-02-19T10:42:41","slug":"serre-lame-reference-slotter-10","status":"publish","type":"product","link":"https:\/\/www.sams-industrie.fr\/en\/product\/serre-lame-reference-slotter-10\/","title":{"rendered":"Blade clamp<br> Reference 500-300-155 G"},"content":{"rendered":"","protected":false},"excerpt":{"rendered":"<p>RAPIDEX RAPIDLINE 16<br \/> R\u00e9f\u00e9rence constructeur : 500-300-155 G<br \/> R\u00e9f\u00e9rences \u00e9quivalentes : 500300155G \/ M500300155G \/ RAP500300155G<\/p>","protected":false},"featured_media":0,"comment_status":"open","ping_status":"closed","template":"","meta":[],"_links":{"self":[{"href":"https:\/\/www.sams-industrie.fr\/en\/wp-json\/wp\/v2\/product\/9243"}],"collection":[{"href":"https:\/\/www.sams-industrie.fr\/en\/wp-json\/wp\/v2\/product"}],"about":[{"href":"https:\/\/www.sams-industrie.fr\/en\/wp-json\/wp\/v2\/types\/product"}],"replies":[{"embeddable":true,"href":"https:\/\/www.sams-industrie.fr\/en\/wp-json\/wp\/v2\/comments?post=9243"}],"wp:attachment":[{"href":"https:\/\/www.sams-industrie.fr\/en\/wp-json\/wp\/v2\/media?parent=9243"}],"curies":[{"name":"wp","href":"https:\/\/api.w.org\/{rel}","templated":true}]}}