{"id":9240,"date":"2025-02-05T09:41:19","date_gmt":"2025-02-05T08:41:19","guid":{"rendered":"https:\/\/www.sams-industrie.fr\/product\/serre-lame-reference-slotter-7\/"},"modified":"2025-02-19T11:42:38","modified_gmt":"2025-02-19T10:42:38","slug":"serre-lame-reference-slotter-7","status":"publish","type":"product","link":"https:\/\/www.sams-industrie.fr\/en\/product\/serre-lame-reference-slotter-7\/","title":{"rendered":"Blade clamp<br> Reference 500-300-155 K"},"content":{"rendered":"","protected":false},"excerpt":{"rendered":"<p>RAPIDEX RAPIDLINE 16<br \/> R\u00e9f\u00e9rence constructeur : 500-300-155 K<br \/> R\u00e9f\u00e9rences \u00e9quivalentes : 500300155K \/ M500300155K \/ RAP500300155K<\/p>","protected":false},"featured_media":0,"comment_status":"open","ping_status":"closed","template":"","meta":[],"_links":{"self":[{"href":"https:\/\/www.sams-industrie.fr\/en\/wp-json\/wp\/v2\/product\/9240"}],"collection":[{"href":"https:\/\/www.sams-industrie.fr\/en\/wp-json\/wp\/v2\/product"}],"about":[{"href":"https:\/\/www.sams-industrie.fr\/en\/wp-json\/wp\/v2\/types\/product"}],"replies":[{"embeddable":true,"href":"https:\/\/www.sams-industrie.fr\/en\/wp-json\/wp\/v2\/comments?post=9240"}],"wp:attachment":[{"href":"https:\/\/www.sams-industrie.fr\/en\/wp-json\/wp\/v2\/media?parent=9240"}],"curies":[{"name":"wp","href":"https:\/\/api.w.org\/{rel}","templated":true}]}}