{"id":9234,"date":"2025-02-05T09:41:16","date_gmt":"2025-02-05T08:41:16","guid":{"rendered":"https:\/\/www.sams-industrie.fr\/product\/decolleur-ejecteur-de-dechets-reference-slotter\/"},"modified":"2025-02-19T11:42:34","modified_gmt":"2025-02-19T10:42:34","slug":"decolleur-ejecteur-de-dechets-reference-slotter","status":"publish","type":"product","link":"https:\/\/www.sams-industrie.fr\/en\/product\/decolleur-ejecteur-de-dechets-reference-slotter\/","title":{"rendered":"Waste ejector stripper<br> Reference 500-601-011"},"content":{"rendered":"","protected":false},"excerpt":{"rendered":"<p>RAPIDEX RAPIDLINE 16<br \/> R\u00e9f\u00e9rence constructeur : 500-601-011<br \/> R\u00e9f\u00e9rences \u00e9quivalentes : 500601011 \/ M500601011 \/ RAP500601011<\/p>","protected":false},"featured_media":0,"comment_status":"open","ping_status":"closed","template":"","meta":[],"_links":{"self":[{"href":"https:\/\/www.sams-industrie.fr\/en\/wp-json\/wp\/v2\/product\/9234"}],"collection":[{"href":"https:\/\/www.sams-industrie.fr\/en\/wp-json\/wp\/v2\/product"}],"about":[{"href":"https:\/\/www.sams-industrie.fr\/en\/wp-json\/wp\/v2\/types\/product"}],"replies":[{"embeddable":true,"href":"https:\/\/www.sams-industrie.fr\/en\/wp-json\/wp\/v2\/comments?post=9234"}],"wp:attachment":[{"href":"https:\/\/www.sams-industrie.fr\/en\/wp-json\/wp\/v2\/media?parent=9234"}],"curies":[{"name":"wp","href":"https:\/\/api.w.org\/{rel}","templated":true}]}}