{"id":9232,"date":"2025-02-05T09:41:15","date_gmt":"2025-02-05T08:41:15","guid":{"rendered":"https:\/\/www.sams-industrie.fr\/product\/ressort-ejecteur-de-dechets-reference-slotter\/"},"modified":"2025-04-17T16:08:05","modified_gmt":"2025-04-17T14:08:05","slug":"ressort-ejecteur-de-dechets-reference-slotter","status":"publish","type":"product","link":"https:\/\/www.sams-industrie.fr\/en\/product\/ressort-ejecteur-de-dechets-reference-slotter\/","title":{"rendered":"Waste ejector spring<br> Reference 10205"},"content":{"rendered":"","protected":false},"excerpt":{"rendered":"<p>RAPIDEX RAPIDLINE 16<br \/>\nR\u00e9f\u00e9rence constructeur : 10205<br \/>\nR\u00e9f\u00e9rences \u00e9quivalentes : 10205 \/ M10205 \/ RAP10205<\/p>","protected":false},"featured_media":11332,"comment_status":"open","ping_status":"closed","template":"","meta":[],"_links":{"self":[{"href":"https:\/\/www.sams-industrie.fr\/en\/wp-json\/wp\/v2\/product\/9232"}],"collection":[{"href":"https:\/\/www.sams-industrie.fr\/en\/wp-json\/wp\/v2\/product"}],"about":[{"href":"https:\/\/www.sams-industrie.fr\/en\/wp-json\/wp\/v2\/types\/product"}],"replies":[{"embeddable":true,"href":"https:\/\/www.sams-industrie.fr\/en\/wp-json\/wp\/v2\/comments?post=9232"}],"wp:featuredmedia":[{"embeddable":true,"href":"https:\/\/www.sams-industrie.fr\/en\/wp-json\/wp\/v2\/media\/11332"}],"wp:attachment":[{"href":"https:\/\/www.sams-industrie.fr\/en\/wp-json\/wp\/v2\/media?parent=9232"}],"curies":[{"name":"wp","href":"https:\/\/api.w.org\/{rel}","templated":true}]}}