{"id":9231,"date":"2025-02-05T09:41:14","date_gmt":"2025-02-05T08:41:14","guid":{"rendered":"https:\/\/www.sams-industrie.fr\/product\/rondelle-reference-empileur\/"},"modified":"2025-02-19T14:23:48","modified_gmt":"2025-02-19T13:23:48","slug":"rondelle-reference-empileur","status":"publish","type":"product","link":"https:\/\/www.sams-industrie.fr\/en\/product\/rondelle-reference-empileur\/","title":{"rendered":"Washer<br> Reference JR-006-376"},"content":{"rendered":"","protected":false},"excerpt":{"rendered":"<p>RAPIDEX RAPIDLINE 16<br \/>\nR\u00e9f\u00e9rence constructeur : JR-006-376<br \/>\nR\u00e9f\u00e9rences \u00e9quivalentes : JR006376 \/ MJR006376 \/ RAPJR006376<\/p>","protected":false},"featured_media":11253,"comment_status":"open","ping_status":"closed","template":"","meta":[],"_links":{"self":[{"href":"https:\/\/www.sams-industrie.fr\/en\/wp-json\/wp\/v2\/product\/9231"}],"collection":[{"href":"https:\/\/www.sams-industrie.fr\/en\/wp-json\/wp\/v2\/product"}],"about":[{"href":"https:\/\/www.sams-industrie.fr\/en\/wp-json\/wp\/v2\/types\/product"}],"replies":[{"embeddable":true,"href":"https:\/\/www.sams-industrie.fr\/en\/wp-json\/wp\/v2\/comments?post=9231"}],"wp:featuredmedia":[{"embeddable":true,"href":"https:\/\/www.sams-industrie.fr\/en\/wp-json\/wp\/v2\/media\/11253"}],"wp:attachment":[{"href":"https:\/\/www.sams-industrie.fr\/en\/wp-json\/wp\/v2\/media?parent=9231"}],"curies":[{"name":"wp","href":"https:\/\/api.w.org\/{rel}","templated":true}]}}