{"id":9229,"date":"2025-02-05T09:41:13","date_gmt":"2025-02-05T08:41:13","guid":{"rendered":"https:\/\/www.sams-industrie.fr\/product\/bague-reference-empileur-4\/"},"modified":"2025-02-19T14:22:51","modified_gmt":"2025-02-19T13:22:51","slug":"bague-reference-empileur-4","status":"publish","type":"product","link":"https:\/\/www.sams-industrie.fr\/en\/product\/bague-reference-empileur-4\/","title":{"rendered":"Ring<br> Reference JR-006-379"},"content":{"rendered":"","protected":false},"excerpt":{"rendered":"<p>RAPIDEX RAPIDLINE 16<br \/>\nR\u00e9f\u00e9rence constructeur : JR-006-379<br \/>\nR\u00e9f\u00e9rences \u00e9quivalentes : JR006379 \/ MJR006379 \/ RAPJR006379<\/p>","protected":false},"featured_media":11251,"comment_status":"open","ping_status":"closed","template":"","meta":[],"_links":{"self":[{"href":"https:\/\/www.sams-industrie.fr\/en\/wp-json\/wp\/v2\/product\/9229"}],"collection":[{"href":"https:\/\/www.sams-industrie.fr\/en\/wp-json\/wp\/v2\/product"}],"about":[{"href":"https:\/\/www.sams-industrie.fr\/en\/wp-json\/wp\/v2\/types\/product"}],"replies":[{"embeddable":true,"href":"https:\/\/www.sams-industrie.fr\/en\/wp-json\/wp\/v2\/comments?post=9229"}],"wp:featuredmedia":[{"embeddable":true,"href":"https:\/\/www.sams-industrie.fr\/en\/wp-json\/wp\/v2\/media\/11251"}],"wp:attachment":[{"href":"https:\/\/www.sams-industrie.fr\/en\/wp-json\/wp\/v2\/media?parent=9229"}],"curies":[{"name":"wp","href":"https:\/\/api.w.org\/{rel}","templated":true}]}}