{"id":9227,"date":"2025-02-05T09:41:12","date_gmt":"2025-02-05T08:41:12","guid":{"rendered":"https:\/\/www.sams-industrie.fr\/product\/bague-reference-empileur-2\/"},"modified":"2025-02-19T14:21:57","modified_gmt":"2025-02-19T13:21:57","slug":"bague-reference-empileur-2","status":"publish","type":"product","link":"https:\/\/www.sams-industrie.fr\/en\/product\/bague-reference-empileur-2\/","title":{"rendered":"Ring<br> Reference JR-006-377"},"content":{"rendered":"","protected":false},"excerpt":{"rendered":"<p>RAPIDEX RAPIDLINE 16<br \/>\nR\u00e9f\u00e9rence constructeur : JR-006-377<br \/>\nR\u00e9f\u00e9rences \u00e9quivalentes : JR006377 \/ MJR006377 \/ RAPJR006377<\/p>","protected":false},"featured_media":11249,"comment_status":"open","ping_status":"closed","template":"","meta":[],"_links":{"self":[{"href":"https:\/\/www.sams-industrie.fr\/en\/wp-json\/wp\/v2\/product\/9227"}],"collection":[{"href":"https:\/\/www.sams-industrie.fr\/en\/wp-json\/wp\/v2\/product"}],"about":[{"href":"https:\/\/www.sams-industrie.fr\/en\/wp-json\/wp\/v2\/types\/product"}],"replies":[{"embeddable":true,"href":"https:\/\/www.sams-industrie.fr\/en\/wp-json\/wp\/v2\/comments?post=9227"}],"wp:featuredmedia":[{"embeddable":true,"href":"https:\/\/www.sams-industrie.fr\/en\/wp-json\/wp\/v2\/media\/11249"}],"wp:attachment":[{"href":"https:\/\/www.sams-industrie.fr\/en\/wp-json\/wp\/v2\/media?parent=9227"}],"curies":[{"name":"wp","href":"https:\/\/api.w.org\/{rel}","templated":true}]}}