{"id":9224,"date":"2025-02-05T09:41:10","date_gmt":"2025-02-05T08:41:10","guid":{"rendered":"https:\/\/www.sams-industrie.fr\/product\/ressort-doigt-de-herse-reference-compteur-ejecteur\/"},"modified":"2026-02-24T14:16:15","modified_gmt":"2026-02-24T13:16:15","slug":"ressort-doigt-de-herse-reference-compteur-ejecteur","status":"publish","type":"product","link":"https:\/\/www.sams-industrie.fr\/en\/product\/ressort-doigt-de-herse-reference-compteur-ejecteur\/","title":{"rendered":"Harrow finger spring<br> Reference RC-129"},"content":{"rendered":"","protected":false},"excerpt":{"rendered":"<p>RAPIDEX RAPIDLINE 16<br \/>\nR\u00e9f\u00e9rence constructeur : RC-129<br \/>\nR\u00e9f\u00e9rences \u00e9quivalentes : RC129 \/ MRC129 \/ RAPRC129<\/p>","protected":false},"featured_media":11771,"comment_status":"open","ping_status":"closed","template":"","meta":[],"_links":{"self":[{"href":"https:\/\/www.sams-industrie.fr\/en\/wp-json\/wp\/v2\/product\/9224"}],"collection":[{"href":"https:\/\/www.sams-industrie.fr\/en\/wp-json\/wp\/v2\/product"}],"about":[{"href":"https:\/\/www.sams-industrie.fr\/en\/wp-json\/wp\/v2\/types\/product"}],"replies":[{"embeddable":true,"href":"https:\/\/www.sams-industrie.fr\/en\/wp-json\/wp\/v2\/comments?post=9224"}],"wp:featuredmedia":[{"embeddable":true,"href":"https:\/\/www.sams-industrie.fr\/en\/wp-json\/wp\/v2\/media\/11771"}],"wp:attachment":[{"href":"https:\/\/www.sams-industrie.fr\/en\/wp-json\/wp\/v2\/media?parent=9224"}],"curies":[{"name":"wp","href":"https:\/\/api.w.org\/{rel}","templated":true}]}}