{"id":9223,"date":"2025-02-05T09:41:09","date_gmt":"2025-02-05T08:41:09","guid":{"rendered":"https:\/\/www.sams-industrie.fr\/product\/taquet-de-herse-reference-compteur-ejecteur\/"},"modified":"2025-02-19T11:42:26","modified_gmt":"2025-02-19T10:42:26","slug":"taquet-de-herse-reference-compteur-ejecteur","status":"publish","type":"product","link":"https:\/\/www.sams-industrie.fr\/en\/product\/taquet-de-herse-reference-compteur-ejecteur\/","title":{"rendered":"Harrow cleat<br> Reference 520-009-521"},"content":{"rendered":"","protected":false},"excerpt":{"rendered":"<p>RAPIDEX RAPIDLINE 16<br \/> R\u00e9f\u00e9rence constructeur : 520-009-521<br \/> R\u00e9f\u00e9rences \u00e9quivalentes : 520009521 \/ M520009521 \/ RAP520009521<\/p>","protected":false},"featured_media":0,"comment_status":"open","ping_status":"closed","template":"","meta":[],"_links":{"self":[{"href":"https:\/\/www.sams-industrie.fr\/en\/wp-json\/wp\/v2\/product\/9223"}],"collection":[{"href":"https:\/\/www.sams-industrie.fr\/en\/wp-json\/wp\/v2\/product"}],"about":[{"href":"https:\/\/www.sams-industrie.fr\/en\/wp-json\/wp\/v2\/types\/product"}],"replies":[{"embeddable":true,"href":"https:\/\/www.sams-industrie.fr\/en\/wp-json\/wp\/v2\/comments?post=9223"}],"wp:attachment":[{"href":"https:\/\/www.sams-industrie.fr\/en\/wp-json\/wp\/v2\/media?parent=9223"}],"curies":[{"name":"wp","href":"https:\/\/api.w.org\/{rel}","templated":true}]}}