{"id":9219,"date":"2025-02-05T09:41:06","date_gmt":"2025-02-05T08:41:06","guid":{"rendered":"https:\/\/www.sams-industrie.fr\/product\/glissiere-chaine-a-taquets-reference-equerrage\/"},"modified":"2025-02-19T11:42:23","modified_gmt":"2025-02-19T10:42:23","slug":"glissiere-chaine-a-taquets-reference-equerrage","status":"publish","type":"product","link":"https:\/\/www.sams-industrie.fr\/en\/product\/glissiere-chaine-a-taquets-reference-equerrage\/","title":{"rendered":"Chain slide with cleats<br> Reference 510-006-004"},"content":{"rendered":"","protected":false},"excerpt":{"rendered":"<p>RAPIDEX RAPIDLINE 16<br \/> R\u00e9f\u00e9rence constructeur : 510-006-004<br \/> R\u00e9f\u00e9rences \u00e9quivalentes : 510006004 \/ M510006004 \/ RAP510006004<\/p>","protected":false},"featured_media":0,"comment_status":"open","ping_status":"closed","template":"","meta":[],"_links":{"self":[{"href":"https:\/\/www.sams-industrie.fr\/en\/wp-json\/wp\/v2\/product\/9219"}],"collection":[{"href":"https:\/\/www.sams-industrie.fr\/en\/wp-json\/wp\/v2\/product"}],"about":[{"href":"https:\/\/www.sams-industrie.fr\/en\/wp-json\/wp\/v2\/types\/product"}],"replies":[{"embeddable":true,"href":"https:\/\/www.sams-industrie.fr\/en\/wp-json\/wp\/v2\/comments?post=9219"}],"wp:attachment":[{"href":"https:\/\/www.sams-industrie.fr\/en\/wp-json\/wp\/v2\/media?parent=9219"}],"curies":[{"name":"wp","href":"https:\/\/api.w.org\/{rel}","templated":true}]}}