{"id":9218,"date":"2025-02-05T09:41:06","date_gmt":"2025-02-05T08:41:06","guid":{"rendered":"https:\/\/www.sams-industrie.fr\/product\/patin-de-poussee-reference-equerrage\/"},"modified":"2025-02-19T11:42:22","modified_gmt":"2025-02-19T10:42:22","slug":"patin-de-poussee-reference-equerrage","status":"publish","type":"product","link":"https:\/\/www.sams-industrie.fr\/en\/product\/patin-de-poussee-reference-equerrage\/","title":{"rendered":"Push pad<br> Reference 510-005-007"},"content":{"rendered":"","protected":false},"excerpt":{"rendered":"<p>RAPIDEX RAPIDLINE 16<br \/> R\u00e9f\u00e9rence constructeur : 510-005-007<br \/> R\u00e9f\u00e9rences \u00e9quivalentes : 510005007 \/ M510005007 \/ RAP510005007<\/p>","protected":false},"featured_media":0,"comment_status":"open","ping_status":"closed","template":"","meta":[],"_links":{"self":[{"href":"https:\/\/www.sams-industrie.fr\/en\/wp-json\/wp\/v2\/product\/9218"}],"collection":[{"href":"https:\/\/www.sams-industrie.fr\/en\/wp-json\/wp\/v2\/product"}],"about":[{"href":"https:\/\/www.sams-industrie.fr\/en\/wp-json\/wp\/v2\/types\/product"}],"replies":[{"embeddable":true,"href":"https:\/\/www.sams-industrie.fr\/en\/wp-json\/wp\/v2\/comments?post=9218"}],"wp:attachment":[{"href":"https:\/\/www.sams-industrie.fr\/en\/wp-json\/wp\/v2\/media?parent=9218"}],"curies":[{"name":"wp","href":"https:\/\/api.w.org\/{rel}","templated":true}]}}