{"id":9216,"date":"2025-02-05T09:41:05","date_gmt":"2025-02-05T08:41:05","guid":{"rendered":"https:\/\/www.sams-industrie.fr\/product\/axe-court-de-taquet-reference-equerrage\/"},"modified":"2025-02-19T11:42:21","modified_gmt":"2025-02-19T10:42:21","slug":"axe-court-de-taquet-reference-equerrage","status":"publish","type":"product","link":"https:\/\/www.sams-industrie.fr\/en\/product\/axe-court-de-taquet-reference-equerrage\/","title":{"rendered":"Short cleat axle<br> Reference 510-005-005"},"content":{"rendered":"","protected":false},"excerpt":{"rendered":"<p>RAPIDEX RAPIDLINE 16<br \/> R\u00e9f\u00e9rence constructeur : 510-005-005<br \/> R\u00e9f\u00e9rences \u00e9quivalentes : 510005005 \/ M510005005 \/ RAP510005005<\/p>","protected":false},"featured_media":0,"comment_status":"open","ping_status":"closed","template":"","meta":[],"_links":{"self":[{"href":"https:\/\/www.sams-industrie.fr\/en\/wp-json\/wp\/v2\/product\/9216"}],"collection":[{"href":"https:\/\/www.sams-industrie.fr\/en\/wp-json\/wp\/v2\/product"}],"about":[{"href":"https:\/\/www.sams-industrie.fr\/en\/wp-json\/wp\/v2\/types\/product"}],"replies":[{"embeddable":true,"href":"https:\/\/www.sams-industrie.fr\/en\/wp-json\/wp\/v2\/comments?post=9216"}],"wp:attachment":[{"href":"https:\/\/www.sams-industrie.fr\/en\/wp-json\/wp\/v2\/media?parent=9216"}],"curies":[{"name":"wp","href":"https:\/\/api.w.org\/{rel}","templated":true}]}}