{"id":9214,"date":"2025-02-05T09:41:03","date_gmt":"2025-02-05T08:41:03","guid":{"rendered":"https:\/\/www.sams-industrie.fr\/product\/patin-de-friction-taquet-central-reference-equerrage\/"},"modified":"2025-02-19T11:42:19","modified_gmt":"2025-02-19T10:42:19","slug":"patin-de-friction-taquet-central-reference-equerrage","status":"publish","type":"product","link":"https:\/\/www.sams-industrie.fr\/en\/product\/patin-de-friction-taquet-central-reference-equerrage\/","title":{"rendered":"Central cleat friction pad<br> Reference 510-005-003"},"content":{"rendered":"","protected":false},"excerpt":{"rendered":"<p>RAPIDEX RAPIDLINE 16<br \/> R\u00e9f\u00e9rence constructeur : 510-005-003<br \/> R\u00e9f\u00e9rences \u00e9quivalentes : 510005003 \/ M510005003 \/ RAP510005003<\/p>","protected":false},"featured_media":0,"comment_status":"open","ping_status":"closed","template":"","meta":[],"_links":{"self":[{"href":"https:\/\/www.sams-industrie.fr\/en\/wp-json\/wp\/v2\/product\/9214"}],"collection":[{"href":"https:\/\/www.sams-industrie.fr\/en\/wp-json\/wp\/v2\/product"}],"about":[{"href":"https:\/\/www.sams-industrie.fr\/en\/wp-json\/wp\/v2\/types\/product"}],"replies":[{"embeddable":true,"href":"https:\/\/www.sams-industrie.fr\/en\/wp-json\/wp\/v2\/comments?post=9214"}],"wp:attachment":[{"href":"https:\/\/www.sams-industrie.fr\/en\/wp-json\/wp\/v2\/media?parent=9214"}],"curies":[{"name":"wp","href":"https:\/\/api.w.org\/{rel}","templated":true}]}}