{"id":9213,"date":"2025-02-05T09:41:03","date_gmt":"2025-02-05T08:41:03","guid":{"rendered":"https:\/\/www.sams-industrie.fr\/product\/attache-de-chaine-a-taquets-reference-equerrage\/"},"modified":"2025-02-19T14:18:22","modified_gmt":"2025-02-19T13:18:22","slug":"attache-de-chaine-a-taquets-reference-equerrage","status":"publish","type":"product","link":"https:\/\/www.sams-industrie.fr\/en\/product\/attache-de-chaine-a-taquets-reference-equerrage\/","title":{"rendered":"Cleat chain attachment<br> Reference 510-005-006"},"content":{"rendered":"","protected":false},"excerpt":{"rendered":"<p>RAPIDEX RAPIDLINE 16<br \/>\nR\u00e9f\u00e9rence constructeur : 510-005-006<br \/>\nR\u00e9f\u00e9rences \u00e9quivalentes : 510005006 \/ M510005006 \/ RAP510005006<\/p>","protected":false},"featured_media":11247,"comment_status":"open","ping_status":"closed","template":"","meta":[],"_links":{"self":[{"href":"https:\/\/www.sams-industrie.fr\/en\/wp-json\/wp\/v2\/product\/9213"}],"collection":[{"href":"https:\/\/www.sams-industrie.fr\/en\/wp-json\/wp\/v2\/product"}],"about":[{"href":"https:\/\/www.sams-industrie.fr\/en\/wp-json\/wp\/v2\/types\/product"}],"replies":[{"embeddable":true,"href":"https:\/\/www.sams-industrie.fr\/en\/wp-json\/wp\/v2\/comments?post=9213"}],"wp:featuredmedia":[{"embeddable":true,"href":"https:\/\/www.sams-industrie.fr\/en\/wp-json\/wp\/v2\/media\/11247"}],"wp:attachment":[{"href":"https:\/\/www.sams-industrie.fr\/en\/wp-json\/wp\/v2\/media?parent=9213"}],"curies":[{"name":"wp","href":"https:\/\/api.w.org\/{rel}","templated":true}]}}