{"id":9210,"date":"2025-02-05T09:41:01","date_gmt":"2025-02-05T08:41:01","guid":{"rendered":"https:\/\/www.sams-industrie.fr\/product\/roue-motrice-reference-equerrage\/"},"modified":"2025-02-19T11:42:17","modified_gmt":"2025-02-19T10:42:17","slug":"roue-motrice-reference-equerrage","status":"publish","type":"product","link":"https:\/\/www.sams-industrie.fr\/en\/product\/roue-motrice-reference-equerrage\/","title":{"rendered":"Drive wheel<br> Reference BN-045-004"},"content":{"rendered":"","protected":false},"excerpt":{"rendered":"<p>RAPIDEX RAPIDLINE 16<br \/> R\u00e9f\u00e9rence constructeur : BN-045-004<br \/> R\u00e9f\u00e9rences \u00e9quivalentes : BN045004 \/ MBN045004 \/ RAPBN045004<\/p>","protected":false},"featured_media":0,"comment_status":"open","ping_status":"closed","template":"","meta":[],"_links":{"self":[{"href":"https:\/\/www.sams-industrie.fr\/en\/wp-json\/wp\/v2\/product\/9210"}],"collection":[{"href":"https:\/\/www.sams-industrie.fr\/en\/wp-json\/wp\/v2\/product"}],"about":[{"href":"https:\/\/www.sams-industrie.fr\/en\/wp-json\/wp\/v2\/types\/product"}],"replies":[{"embeddable":true,"href":"https:\/\/www.sams-industrie.fr\/en\/wp-json\/wp\/v2\/comments?post=9210"}],"wp:attachment":[{"href":"https:\/\/www.sams-industrie.fr\/en\/wp-json\/wp\/v2\/media?parent=9210"}],"curies":[{"name":"wp","href":"https:\/\/api.w.org\/{rel}","templated":true}]}}