{"id":9209,"date":"2025-02-05T09:41:00","date_gmt":"2025-02-05T08:41:00","guid":{"rendered":"https:\/\/www.sams-industrie.fr\/product\/galet-moteur-reference-equerrage-2\/"},"modified":"2025-02-19T11:42:16","modified_gmt":"2025-02-19T10:42:16","slug":"galet-moteur-reference-equerrage-2","status":"publish","type":"product","link":"https:\/\/www.sams-industrie.fr\/en\/product\/galet-moteur-reference-equerrage-2\/","title":{"rendered":"Engine roller<br> Reference 510-004-001"},"content":{"rendered":"","protected":false},"excerpt":{"rendered":"<p>RAPIDEX RAPIDLINE 16<br \/> R\u00e9f\u00e9rence constructeur : 510-004-001<br \/> R\u00e9f\u00e9rences \u00e9quivalentes : 510004001 \/ M510004001 \/ RAP510004001<\/p>","protected":false},"featured_media":0,"comment_status":"open","ping_status":"closed","template":"","meta":[],"_links":{"self":[{"href":"https:\/\/www.sams-industrie.fr\/en\/wp-json\/wp\/v2\/product\/9209"}],"collection":[{"href":"https:\/\/www.sams-industrie.fr\/en\/wp-json\/wp\/v2\/product"}],"about":[{"href":"https:\/\/www.sams-industrie.fr\/en\/wp-json\/wp\/v2\/types\/product"}],"replies":[{"embeddable":true,"href":"https:\/\/www.sams-industrie.fr\/en\/wp-json\/wp\/v2\/comments?post=9209"}],"wp:attachment":[{"href":"https:\/\/www.sams-industrie.fr\/en\/wp-json\/wp\/v2\/media?parent=9209"}],"curies":[{"name":"wp","href":"https:\/\/api.w.org\/{rel}","templated":true}]}}