{"id":9208,"date":"2025-02-05T09:40:59","date_gmt":"2025-02-05T08:40:59","guid":{"rendered":"https:\/\/www.sams-industrie.fr\/product\/galet-moteur-reference-equerrage\/"},"modified":"2025-02-19T11:42:15","modified_gmt":"2025-02-19T10:42:15","slug":"galet-moteur-reference-equerrage","status":"publish","type":"product","link":"https:\/\/www.sams-industrie.fr\/en\/product\/galet-moteur-reference-equerrage\/","title":{"rendered":"Engine roller<br> Reference 510-003-001"},"content":{"rendered":"","protected":false},"excerpt":{"rendered":"<p>RAPIDEX RAPIDLINE 16<br \/> R\u00e9f\u00e9rence constructeur : 510-003-001<br \/> R\u00e9f\u00e9rences \u00e9quivalentes : 510003001 \/ M510003001 \/ RAP510003001<\/p>","protected":false},"featured_media":0,"comment_status":"open","ping_status":"closed","template":"","meta":[],"_links":{"self":[{"href":"https:\/\/www.sams-industrie.fr\/en\/wp-json\/wp\/v2\/product\/9208"}],"collection":[{"href":"https:\/\/www.sams-industrie.fr\/en\/wp-json\/wp\/v2\/product"}],"about":[{"href":"https:\/\/www.sams-industrie.fr\/en\/wp-json\/wp\/v2\/types\/product"}],"replies":[{"embeddable":true,"href":"https:\/\/www.sams-industrie.fr\/en\/wp-json\/wp\/v2\/comments?post=9208"}],"wp:attachment":[{"href":"https:\/\/www.sams-industrie.fr\/en\/wp-json\/wp\/v2\/media?parent=9208"}],"curies":[{"name":"wp","href":"https:\/\/api.w.org\/{rel}","templated":true}]}}