{"id":9207,"date":"2025-02-05T09:40:59","date_gmt":"2025-02-05T08:40:59","guid":{"rendered":"https:\/\/www.sams-industrie.fr\/product\/regarnissage-entraineur-reference-equerrage-2\/"},"modified":"2025-02-19T11:42:15","modified_gmt":"2025-02-19T10:42:15","slug":"regarnissage-entraineur-reference-equerrage-2","status":"publish","type":"product","link":"https:\/\/www.sams-industrie.fr\/en\/product\/regarnissage-entraineur-reference-equerrage-2\/","title":{"rendered":"Coach refilling<br> Reference 510-004-020 R"},"content":{"rendered":"","protected":false},"excerpt":{"rendered":"<p>RAPIDEX RAPIDLINE 16<br \/> R\u00e9f\u00e9rence constructeur : 510-004-020 R<br \/> R\u00e9f\u00e9rences \u00e9quivalentes : 510004020R \/ M510004020R \/ RAP510004020R<\/p>","protected":false},"featured_media":0,"comment_status":"open","ping_status":"closed","template":"","meta":[],"_links":{"self":[{"href":"https:\/\/www.sams-industrie.fr\/en\/wp-json\/wp\/v2\/product\/9207"}],"collection":[{"href":"https:\/\/www.sams-industrie.fr\/en\/wp-json\/wp\/v2\/product"}],"about":[{"href":"https:\/\/www.sams-industrie.fr\/en\/wp-json\/wp\/v2\/types\/product"}],"replies":[{"embeddable":true,"href":"https:\/\/www.sams-industrie.fr\/en\/wp-json\/wp\/v2\/comments?post=9207"}],"wp:attachment":[{"href":"https:\/\/www.sams-industrie.fr\/en\/wp-json\/wp\/v2\/media?parent=9207"}],"curies":[{"name":"wp","href":"https:\/\/api.w.org\/{rel}","templated":true}]}}