{"id":9206,"date":"2025-02-05T09:40:58","date_gmt":"2025-02-05T08:40:58","guid":{"rendered":"https:\/\/www.sams-industrie.fr\/product\/entraineur-revetu-reference-equerrage-2\/"},"modified":"2025-02-19T11:42:14","modified_gmt":"2025-02-19T10:42:14","slug":"entraineur-revetu-reference-equerrage-2","status":"publish","type":"product","link":"https:\/\/www.sams-industrie.fr\/en\/product\/entraineur-revetu-reference-equerrage-2\/","title":{"rendered":"Coated trainer<br> Reference 510-004-020"},"content":{"rendered":"","protected":false},"excerpt":{"rendered":"<p>RAPIDEX RAPIDLINE 16<br \/> R\u00e9f\u00e9rence constructeur : 510-004-020<br \/> R\u00e9f\u00e9rences \u00e9quivalentes : 510004020 \/ M510004020 \/ RAP510004020<\/p>","protected":false},"featured_media":0,"comment_status":"open","ping_status":"closed","template":"","meta":[],"_links":{"self":[{"href":"https:\/\/www.sams-industrie.fr\/en\/wp-json\/wp\/v2\/product\/9206"}],"collection":[{"href":"https:\/\/www.sams-industrie.fr\/en\/wp-json\/wp\/v2\/product"}],"about":[{"href":"https:\/\/www.sams-industrie.fr\/en\/wp-json\/wp\/v2\/types\/product"}],"replies":[{"embeddable":true,"href":"https:\/\/www.sams-industrie.fr\/en\/wp-json\/wp\/v2\/comments?post=9206"}],"wp:attachment":[{"href":"https:\/\/www.sams-industrie.fr\/en\/wp-json\/wp\/v2\/media?parent=9206"}],"curies":[{"name":"wp","href":"https:\/\/api.w.org\/{rel}","templated":true}]}}