{"id":9201,"date":"2025-02-05T09:40:56","date_gmt":"2025-02-05T08:40:56","guid":{"rendered":"https:\/\/www.sams-industrie.fr\/product\/poulie-reference-plieuse\/"},"modified":"2025-02-19T11:42:09","modified_gmt":"2025-02-19T10:42:09","slug":"poulie-reference-plieuse","status":"publish","type":"product","link":"https:\/\/www.sams-industrie.fr\/en\/product\/poulie-reference-plieuse\/","title":{"rendered":"Pulley<br> Reference 510-014-003"},"content":{"rendered":"","protected":false},"excerpt":{"rendered":"<p>RAPIDEX RAPIDLINE 16<br \/> R\u00e9f\u00e9rence constructeur : 510-014-003<br \/> R\u00e9f\u00e9rences \u00e9quivalentes : 510014003 \/ M510014003 \/ RAP510014003<\/p>","protected":false},"featured_media":0,"comment_status":"open","ping_status":"closed","template":"","meta":[],"_links":{"self":[{"href":"https:\/\/www.sams-industrie.fr\/en\/wp-json\/wp\/v2\/product\/9201"}],"collection":[{"href":"https:\/\/www.sams-industrie.fr\/en\/wp-json\/wp\/v2\/product"}],"about":[{"href":"https:\/\/www.sams-industrie.fr\/en\/wp-json\/wp\/v2\/types\/product"}],"replies":[{"embeddable":true,"href":"https:\/\/www.sams-industrie.fr\/en\/wp-json\/wp\/v2\/comments?post=9201"}],"wp:attachment":[{"href":"https:\/\/www.sams-industrie.fr\/en\/wp-json\/wp\/v2\/media?parent=9201"}],"curies":[{"name":"wp","href":"https:\/\/api.w.org\/{rel}","templated":true}]}}