{"id":9200,"date":"2025-02-05T09:40:55","date_gmt":"2025-02-05T08:40:55","guid":{"rendered":"https:\/\/www.sams-industrie.fr\/product\/ecrou-reference-plieuse-2\/"},"modified":"2025-02-19T11:42:08","modified_gmt":"2025-02-19T10:42:08","slug":"ecrou-reference-plieuse-2","status":"publish","type":"product","link":"https:\/\/www.sams-industrie.fr\/en\/product\/ecrou-reference-plieuse-2\/","title":{"rendered":"Nut<br> Reference 605-107-033"},"content":{"rendered":"","protected":false},"excerpt":{"rendered":"<p>RAPIDEX RAPIDLINE 16<br \/> R\u00e9f\u00e9rence constructeur : 605-107-033<br \/> R\u00e9f\u00e9rences \u00e9quivalentes : 605107033 \/ M605107033 \/ RAP605107033<\/p>","protected":false},"featured_media":0,"comment_status":"open","ping_status":"closed","template":"","meta":[],"_links":{"self":[{"href":"https:\/\/www.sams-industrie.fr\/en\/wp-json\/wp\/v2\/product\/9200"}],"collection":[{"href":"https:\/\/www.sams-industrie.fr\/en\/wp-json\/wp\/v2\/product"}],"about":[{"href":"https:\/\/www.sams-industrie.fr\/en\/wp-json\/wp\/v2\/types\/product"}],"replies":[{"embeddable":true,"href":"https:\/\/www.sams-industrie.fr\/en\/wp-json\/wp\/v2\/comments?post=9200"}],"wp:attachment":[{"href":"https:\/\/www.sams-industrie.fr\/en\/wp-json\/wp\/v2\/media?parent=9200"}],"curies":[{"name":"wp","href":"https:\/\/api.w.org\/{rel}","templated":true}]}}