{"id":9196,"date":"2025-02-05T09:40:53","date_gmt":"2025-02-05T08:40:53","guid":{"rendered":"https:\/\/www.sams-industrie.fr\/product\/pignon-reference-plieuse-2\/"},"modified":"2025-02-19T11:42:06","modified_gmt":"2025-02-19T10:42:06","slug":"pignon-reference-plieuse-2","status":"publish","type":"product","link":"https:\/\/www.sams-industrie.fr\/en\/product\/pignon-reference-plieuse-2\/","title":{"rendered":"Pinion<br> Reference 505-007-015"},"content":{"rendered":"","protected":false},"excerpt":{"rendered":"<p>RAPIDEX RAPIDLINE 16<br \/> R\u00e9f\u00e9rence constructeur : 505-007-015<br \/> R\u00e9f\u00e9rences \u00e9quivalentes : 505007015 \/ M505007015 \/ RAP505007015<\/p>","protected":false},"featured_media":0,"comment_status":"open","ping_status":"closed","template":"","meta":[],"_links":{"self":[{"href":"https:\/\/www.sams-industrie.fr\/en\/wp-json\/wp\/v2\/product\/9196"}],"collection":[{"href":"https:\/\/www.sams-industrie.fr\/en\/wp-json\/wp\/v2\/product"}],"about":[{"href":"https:\/\/www.sams-industrie.fr\/en\/wp-json\/wp\/v2\/types\/product"}],"replies":[{"embeddable":true,"href":"https:\/\/www.sams-industrie.fr\/en\/wp-json\/wp\/v2\/comments?post=9196"}],"wp:attachment":[{"href":"https:\/\/www.sams-industrie.fr\/en\/wp-json\/wp\/v2\/media?parent=9196"}],"curies":[{"name":"wp","href":"https:\/\/api.w.org\/{rel}","templated":true}]}}