{"id":9194,"date":"2025-02-05T09:40:52","date_gmt":"2025-02-05T08:40:52","guid":{"rendered":"https:\/\/www.sams-industrie.fr\/product\/axe-vis-reference-plieuse\/"},"modified":"2025-02-19T11:42:04","modified_gmt":"2025-02-19T10:42:04","slug":"axe-vis-reference-plieuse","status":"publish","type":"product","link":"https:\/\/www.sams-industrie.fr\/en\/product\/axe-vis-reference-plieuse\/","title":{"rendered":"Screw axis<br> Reference 505-007-013"},"content":{"rendered":"","protected":false},"excerpt":{"rendered":"<p>RAPIDEX RAPIDLINE 16<br \/> R\u00e9f\u00e9rence constructeur : 505-007-013<br \/> R\u00e9f\u00e9rences \u00e9quivalentes : 505007013 \/ M505007013 \/ RAP505007013<\/p>","protected":false},"featured_media":0,"comment_status":"open","ping_status":"closed","template":"","meta":[],"_links":{"self":[{"href":"https:\/\/www.sams-industrie.fr\/en\/wp-json\/wp\/v2\/product\/9194"}],"collection":[{"href":"https:\/\/www.sams-industrie.fr\/en\/wp-json\/wp\/v2\/product"}],"about":[{"href":"https:\/\/www.sams-industrie.fr\/en\/wp-json\/wp\/v2\/types\/product"}],"replies":[{"embeddable":true,"href":"https:\/\/www.sams-industrie.fr\/en\/wp-json\/wp\/v2\/comments?post=9194"}],"wp:attachment":[{"href":"https:\/\/www.sams-industrie.fr\/en\/wp-json\/wp\/v2\/media?parent=9194"}],"curies":[{"name":"wp","href":"https:\/\/api.w.org\/{rel}","templated":true}]}}