{"id":9193,"date":"2025-02-05T09:40:51","date_gmt":"2025-02-05T08:40:51","guid":{"rendered":"https:\/\/www.sams-industrie.fr\/product\/porte-brosse-evacuation-dechets-reference-decoupeur\/"},"modified":"2025-02-19T11:42:04","modified_gmt":"2025-02-19T10:42:04","slug":"porte-brosse-evacuation-dechets-reference-decoupeur","status":"publish","type":"product","link":"https:\/\/www.sams-industrie.fr\/en\/product\/porte-brosse-evacuation-dechets-reference-decoupeur\/","title":{"rendered":"Waste disposal brush holder<br> Reference 500-415-003"},"content":{"rendered":"","protected":false},"excerpt":{"rendered":"<p>RAPIDEX RAPIDLINE 16 \u2013 RAPIDBOX<br \/> R\u00e9f\u00e9rence constructeur : 500-415-003<br \/> R\u00e9f\u00e9rences \u00e9quivalentes : 500415003 \/ M500415003 \/ RAP500415003<\/p>","protected":false},"featured_media":0,"comment_status":"open","ping_status":"closed","template":"","meta":[],"_links":{"self":[{"href":"https:\/\/www.sams-industrie.fr\/en\/wp-json\/wp\/v2\/product\/9193"}],"collection":[{"href":"https:\/\/www.sams-industrie.fr\/en\/wp-json\/wp\/v2\/product"}],"about":[{"href":"https:\/\/www.sams-industrie.fr\/en\/wp-json\/wp\/v2\/types\/product"}],"replies":[{"embeddable":true,"href":"https:\/\/www.sams-industrie.fr\/en\/wp-json\/wp\/v2\/comments?post=9193"}],"wp:attachment":[{"href":"https:\/\/www.sams-industrie.fr\/en\/wp-json\/wp\/v2\/media?parent=9193"}],"curies":[{"name":"wp","href":"https:\/\/api.w.org\/{rel}","templated":true}]}}